{"id":834,"date":"2024-12-02T10:56:09","date_gmt":"2024-12-02T10:56:09","guid":{"rendered":"https:\/\/soeasyit.pl\/kostenlose-beratung\/"},"modified":"2025-01-02T10:33:13","modified_gmt":"2025-01-02T10:33:13","slug":"kostenlose-beratung","status":"publish","type":"page","link":"https:\/\/soeasyit.pl\/de\/kostenlose-beratung\/","title":{"rendered":"Kostenlose Beratung"},"content":{"rendered":"<section data-aos=\"\" class=\"blok-bezplatna-konsultacja blok-bezplatna-konsultacja__1\"><div class=\"container\"><div class=\"wrap-button\">\n    <a class=\"cta arrow\" href=\"\/de\">Komm zur\u00fcck<\/a>\n<\/div>\n<div class=\"left\">\n    <div class=\"wrapper-sticky\">\n        <div class=\"heading-1 acf-wysiwyg-seo\"><h2>\nVereinbaren Sie einen Termin<span class=\"gradient\">f\u00fcr eine kostenlose Beratung<\/span> unter<\/h2>\n<\/div>        <div class=\"body-text\">W\u00e4hrend dieser 30-min\u00fctigen Sitzung:<\/div>                    <div class=\"repeater--wrapper\">\n                                    <div class=\"repeater--inner\">\n                        <svg xmlns=\"http:\/\/www.w3.org\/2000\/svg\" width=\"34\" height=\"32\" viewBox=\"0 0 34 32\" fill=\"none\">\n  <path d=\"M26.7523 4.15082C23.9116 1.57169 20.1396 0 16.0005 0C7.16393 0 0.000488281 7.16344 0.000488281 16C0.000488281 24.8366 7.16393 32 16.0005 32C24.837 32 32.0005 24.8366 32.0005 16C32.0005 14.8407 31.8772 13.7103 31.643 12.621L29.5413 14.7227C29.5805 15.1432 29.6005 15.5693 29.6005 16C29.6005 23.5111 23.5116 29.6 16.0005 29.6C8.48942 29.6 2.40049 23.5111 2.40049 16C2.40049 8.48893 8.48942 2.4 16.0005 2.4C19.4768 2.4 22.6485 3.70429 25.0529 5.85021L26.7523 4.15082Z\" fill=\"#9FA0A3\"\/>\n  <path d=\"M9.50391 14.5761L16.2446 21.3165L32.3164 5.24455\" stroke=\"url(#paint0_linear_582_591)\" stroke-width=\"3.2\" stroke-linecap=\"round\" stroke-linejoin=\"round\"\/>\n  <defs>\n    <linearGradient id=\"paint0_linear_582_591\" x1=\"9.50391\" y1=\"13.2806\" x2=\"32.3155\" y2=\"13.1447\" gradientUnits=\"userSpaceOnUse\">\n      <stop stop-color=\"#0866D8\"\/>\n      <stop offset=\"1\" stop-color=\"#A30486\"\/>\n    <\/linearGradient>\n  <\/defs>\n<\/svg>                        Wir werden uns die Herausforderungen ansehen, die das Wachstum Ihres Unternehmens bremsen,                    <\/div>\n                                    <div class=\"repeater--inner\">\n                        <svg xmlns=\"http:\/\/www.w3.org\/2000\/svg\" width=\"34\" height=\"32\" viewBox=\"0 0 34 32\" fill=\"none\">\n  <path d=\"M26.7523 4.15082C23.9116 1.57169 20.1396 0 16.0005 0C7.16393 0 0.000488281 7.16344 0.000488281 16C0.000488281 24.8366 7.16393 32 16.0005 32C24.837 32 32.0005 24.8366 32.0005 16C32.0005 14.8407 31.8772 13.7103 31.643 12.621L29.5413 14.7227C29.5805 15.1432 29.6005 15.5693 29.6005 16C29.6005 23.5111 23.5116 29.6 16.0005 29.6C8.48942 29.6 2.40049 23.5111 2.40049 16C2.40049 8.48893 8.48942 2.4 16.0005 2.4C19.4768 2.4 22.6485 3.70429 25.0529 5.85021L26.7523 4.15082Z\" fill=\"#9FA0A3\"\/>\n  <path d=\"M9.50391 14.5761L16.2446 21.3165L32.3164 5.24455\" stroke=\"url(#paint0_linear_582_591)\" stroke-width=\"3.2\" stroke-linecap=\"round\" stroke-linejoin=\"round\"\/>\n  <defs>\n    <linearGradient id=\"paint0_linear_582_591\" x1=\"9.50391\" y1=\"13.2806\" x2=\"32.3155\" y2=\"13.1447\" gradientUnits=\"userSpaceOnUse\">\n      <stop stop-color=\"#0866D8\"\/>\n      <stop offset=\"1\" stop-color=\"#A30486\"\/>\n    <\/linearGradient>\n  <\/defs>\n<\/svg>                        Gemeinsam werden wir die wichtigsten Bereiche f\u00fcr die Optimierung identifizieren,                    <\/div>\n                                    <div class=\"repeater--inner\">\n                        <svg xmlns=\"http:\/\/www.w3.org\/2000\/svg\" width=\"34\" height=\"32\" viewBox=\"0 0 34 32\" fill=\"none\">\n  <path d=\"M26.7523 4.15082C23.9116 1.57169 20.1396 0 16.0005 0C7.16393 0 0.000488281 7.16344 0.000488281 16C0.000488281 24.8366 7.16393 32 16.0005 32C24.837 32 32.0005 24.8366 32.0005 16C32.0005 14.8407 31.8772 13.7103 31.643 12.621L29.5413 14.7227C29.5805 15.1432 29.6005 15.5693 29.6005 16C29.6005 23.5111 23.5116 29.6 16.0005 29.6C8.48942 29.6 2.40049 23.5111 2.40049 16C2.40049 8.48893 8.48942 2.4 16.0005 2.4C19.4768 2.4 22.6485 3.70429 25.0529 5.85021L26.7523 4.15082Z\" fill=\"#9FA0A3\"\/>\n  <path d=\"M9.50391 14.5761L16.2446 21.3165L32.3164 5.24455\" stroke=\"url(#paint0_linear_582_591)\" stroke-width=\"3.2\" stroke-linecap=\"round\" stroke-linejoin=\"round\"\/>\n  <defs>\n    <linearGradient id=\"paint0_linear_582_591\" x1=\"9.50391\" y1=\"13.2806\" x2=\"32.3155\" y2=\"13.1447\" gradientUnits=\"userSpaceOnUse\">\n      <stop stop-color=\"#0866D8\"\/>\n      <stop offset=\"1\" stop-color=\"#A30486\"\/>\n    <\/linearGradient>\n  <\/defs>\n<\/svg>                        schlagen wir Ihnen L\u00f6sungen vor, die auf Ihre Ziele, Ressourcen und Marktsituation zugeschnitten sind.                    <\/div>\n                            <\/div>\n                <div class=\"body-text\"><p>Dies ist eine ideale Gelegenheit, Ihr Unternehmen aus einer neuen Perspektive zu betrachten und gangbare Wege f\u00fcr sein Wachstum zu finden.Vereinbaren Sie jetzt einen Termin \u00fcber Calendly &#8211; es geht schnell und einfach!<\/p>\n<\/div>    <\/div>\n<\/div>\n<div class=\"right\">\n    <div class=\"calendly-inline-widget\" data-url=\"https:\/\/calendly.com\/marcin-krukowski95\/new-meeting\" style=\"min-width:320px;height:840px;\"><\/div>\n    <script type=\"text\/javascript\" src=\"https:\/\/assets.calendly.com\/assets\/external\/widget.js\" async><\/script>\n<\/div><\/div><\/section><section data-aos=\"\" class=\"without-background blok-kontakt blok-kontakt__2\"id=\"Kontakt\" ><div class=\"container centered\">\n    <div class=\"left-side\">\n        <div class=\"chips\">Kontakt<\/div>        <div class=\"heading-1 acf-wysiwyg-seo\"><h2>\nHaben Sie Fragen? Wir beantworten sie<span class=\"gradient\">jetzt<\/span> gerne <span class=\"gradient\">.<\/span><\/h2>\n<\/div>        <div class=\"person\">\n            <div class=\"labels\">\n                <img loading=\"lazy\" decoding=\"async\" width=\"96\" height=\"96\" src=\"https:\/\/soeasyit.pl\/wp-content\/uploads\/2025\/09\/marcin-photo.png\" class=\"avatar\" alt=\"alt obrazka\" \/>                <div class=\"text\">\n                    <div class=\"heading-3\">Marcin Krukowski<\/div>                    <div class=\"body-text\">Founder \/ New Business Manager<\/div>                <\/div>\n                <a title=\"Karol Makowski - Linkedin\" target=\"_blank\" href=\"https:\/\/www.linkedin.com\/in\/marcin-krukowski\/\" rel=\u201dnofollow\u201d>\n                    <div class=\"svg-wrapper\">\n                        <svg width=\"24\" height=\"25\" viewBox=\"0 0 24 25\" fill=\"none\" xmlns=\"http:\/\/www.w3.org\/2000\/svg\">\n<path d=\"M19 3.82031C19.5304 3.82031 20.0391 4.03103 20.4142 4.4061C20.7893 4.78117 21 5.28988 21 5.82031V19.8203C21 20.3507 20.7893 20.8595 20.4142 21.2345C20.0391 21.6096 19.5304 21.8203 19 21.8203H5C4.46957 21.8203 3.96086 21.6096 3.58579 21.2345C3.21071 20.8595 3 20.3507 3 19.8203V5.82031C3 5.28988 3.21071 4.78117 3.58579 4.4061C3.96086 4.03103 4.46957 3.82031 5 3.82031H19ZM18.5 19.3203V14.0203C18.5 13.1557 18.1565 12.3265 17.5452 11.7151C16.9338 11.1038 16.1046 10.7603 15.24 10.7603C14.39 10.7603 13.4 11.2803 12.92 12.0603V10.9503H10.13V19.3203H12.92V14.3903C12.92 13.6203 13.54 12.9903 14.31 12.9903C14.6813 12.9903 15.0374 13.1378 15.2999 13.4004C15.5625 13.6629 15.71 14.019 15.71 14.3903V19.3203H18.5ZM6.88 9.38031C7.32556 9.38031 7.75288 9.20331 8.06794 8.88825C8.383 8.57319 8.56 8.14588 8.56 7.70031C8.56 6.77031 7.81 6.01031 6.88 6.01031C6.43178 6.01031 6.00193 6.18837 5.68499 6.5053C5.36805 6.82224 5.19 7.2521 5.19 7.70031C5.19 8.63031 5.95 9.38031 6.88 9.38031ZM8.27 19.3203V10.9503H5.5V19.3203H8.27Z\" fill=\"black\"\/>\n<\/svg>\n                    <\/div>\n                <\/a>\n            <\/div>\n            <div class=\"contact\">\n                <div class=\"contact--single phone\">\n                    <div class=\"wrap-svg\">\n                        <svg xmlns=\"http:\/\/www.w3.org\/2000\/svg\" width=\"24\" height=\"25\" viewBox=\"0 0 24 25\" fill=\"none\">\n  <path d=\"M6.62 11.6103C8.06 14.4403 10.38 16.7503 13.21 18.2003L15.41 16.0003C15.68 15.7303 16.08 15.6403 16.43 15.7603C17.55 16.1303 18.76 16.3303 20 16.3303C20.55 16.3303 21 16.7803 21 17.3303V20.8203C21 21.3703 20.55 21.8203 20 21.8203C10.61 21.8203 3 14.2103 3 4.82031C3 4.27031 3.45 3.82031 4 3.82031H7.5C8.05 3.82031 8.5 4.27031 8.5 4.82031C8.5 6.07031 8.7 7.27031 9.07 8.39031C9.18 8.74031 9.1 9.13031 8.82 9.41031L6.62 11.6103Z\" fill=\"#6B6150\"\/>\n<\/svg>                    <\/div>\n                    <a href=\"tel:+48723913421\" class=\"link\">+48723913421<\/a>                <\/div>\n                <div class=\"contact--single mail\">\n                    <div class=\"wrap-svg\">\n                        <svg xmlns=\"http:\/\/www.w3.org\/2000\/svg\" width=\"24\" height=\"25\" viewBox=\"0 0 24 25\" fill=\"none\">\n  <path d=\"M4 20.8203C3.45 20.8203 2.97933 20.6246 2.588 20.2333C2.19667 19.842 2.00067 19.371 2 18.8203V6.82031C2 6.27031 2.196 5.79965 2.588 5.40831C2.98 5.01698 3.45067 4.82098 4 4.82031H20C20.55 4.82031 21.021 5.01631 21.413 5.40831C21.805 5.80031 22.0007 6.27098 22 6.82031V18.8203C22 19.3703 21.8043 19.8413 21.413 20.2333C21.0217 20.6253 20.5507 20.821 20 20.8203H4ZM12 13.8203L4 8.82031V18.8203H20V8.82031L12 13.8203ZM12 11.8203L20 6.82031H4L12 11.8203ZM4 8.82031V6.82031V18.8203V8.82031Z\" fill=\"#6B6150\"\/>\n<\/svg>                    <\/div>\n                    <a href=\"mailto:marcin@soeasyit.pl\" class=\"link\">marcin@soeasyit.pl<\/a>                <\/div>\n            <\/div>\n            <div class=\"date\">\n                <div class=\"chips\">Montag &#8211; Freitag<\/div>                <div class=\"chips\">08:00 \u2014\u00a016:00<\/div>            <\/div>\n        <\/div>\n    <\/div>\n    <\/div><\/section>","protected":false},"excerpt":{"rendered":"","protected":false},"author":1,"featured_media":0,"parent":0,"menu_order":0,"comment_status":"closed","ping_status":"closed","template":"","meta":{"_acf_changed":false,"_seopress_robots_primary_cat":"","_seopress_titles_title":"Kostenlose Beratung \u00fcber Ihre Bed\u00fcrfnisse - sprechen Sie mit uns! | soeasyit.co.uk ","_seopress_titles_desc":"Holen Sie sich eine kostenlose Beratung bei SoEasyIT und lassen Sie sich von Spezialisten unterst\u00fctzen. Entdecken Sie noch heute neue M\u00f6glichkeiten f\u00fcr Ihr Unternehmen! | soeasyit.pl  ","_seopress_robots_index":"","footnotes":""},"class_list":["post-834","page","type-page","status-publish","hentry"],"acf":[],"_links":{"self":[{"href":"https:\/\/soeasyit.pl\/de\/wp-json\/wp\/v2\/pages\/834","targetHints":{"allow":["GET"]}}],"collection":[{"href":"https:\/\/soeasyit.pl\/de\/wp-json\/wp\/v2\/pages"}],"about":[{"href":"https:\/\/soeasyit.pl\/de\/wp-json\/wp\/v2\/types\/page"}],"author":[{"embeddable":true,"href":"https:\/\/soeasyit.pl\/de\/wp-json\/wp\/v2\/users\/1"}],"replies":[{"embeddable":true,"href":"https:\/\/soeasyit.pl\/de\/wp-json\/wp\/v2\/comments?post=834"}],"version-history":[{"count":0,"href":"https:\/\/soeasyit.pl\/de\/wp-json\/wp\/v2\/pages\/834\/revisions"}],"wp:attachment":[{"href":"https:\/\/soeasyit.pl\/de\/wp-json\/wp\/v2\/media?parent=834"}],"curies":[{"name":"wp","href":"https:\/\/api.w.org\/{rel}","templated":true}]}}