{"id":836,"date":"2024-11-18T08:32:28","date_gmt":"2024-11-18T08:32:28","guid":{"rendered":"https:\/\/soeasyit.pl\/datenschutzbestimmungen\/"},"modified":"2025-01-02T10:33:14","modified_gmt":"2025-01-02T10:33:14","slug":"datenschutzbestimmungen","status":"publish","type":"page","link":"https:\/\/soeasyit.pl\/de\/datenschutzbestimmungen\/","title":{"rendered":"Datenschutzbestimmungen"},"content":{"rendered":"\n<div style=\"height:100px\" aria-hidden=\"true\" class=\"wp-block-spacer\"><\/div>\n\n<p>Unsere Website&#8209;Adresse lautet: https:\/\/soeasyit.pl.<\/p>\n\n<h2 class=\"wp-block-heading\">Kommentare<\/h2>\n\n<p>Wenn ein Website&#8209;Besucher einen Kommentar hinterl\u00e4sst, erfassen wir die im Kommentarformular sichtbaren Daten sowie die IP&#8209;Adresse und die Browsersignatur des Besuchers als Hilfsmittel zur Spam&#8209;Erkennung.<\/p>\n\n<p>Eine anonymisierte Zeichenkette, die aus Ihrer E&#8209;Mail-Adresse erstellt wird (auch als Hash bekannt), kann an den Gravatar&#8209;Dienst gesendet werden, um zu \u00fcberpr\u00fcfen, ob sie verwendet wird. Die Datenschutzrichtlinien des Gravatar&#8209;Dienstes finden Sie unter: https:\/\/automattic.com\/privacy\/. Sobald Ihr Kommentar genehmigt ist, ist Ihr Profilbild im Zusammenhang mit Ihrem Kommentar \u00f6ffentlich sichtbar. <\/p>\n\n<h2 class=\"wp-block-heading\">Medien<\/h2>\n\n<p>Wenn Sie ein registrierter Benutzer sind und Bilder auf die Website hochladen, sollten Sie es vermeiden, Bilder mit EXIF&#8209;Ortsangaben hochzuladen. Besucher der Website k\u00f6nnen die vollst\u00e4ndigen Standortdaten von Bildern auf der Website herunterladen und lesen. <\/p>\n\n<h2 class=\"wp-block-heading\">Cookies<\/h2>\n\n<p>Wenn Sie auf der Website einen Kommentar abgeben, k\u00f6nnen Sie w\u00e4hlen, ob Ihr Name, Ihre E&#8209;Mail-Adresse und Ihre Website in Cookies gespeichert werden sollen, so dass die oben genannten Informationen bereits vollst\u00e4ndig sind, wenn Sie sp\u00e4ter einen Kommentar schreiben. Cookies verfallen nach einem Jahr. <\/p>\n\n<p>Wenn Sie die Anmeldeseite besuchen, erstellen wir ein tempor\u00e4res Cookie, um zu pr\u00fcfen, ob Ihr Browser Cookies akzeptiert. Dieser enth\u00e4lt keine pers\u00f6nlichen Daten und wird gel\u00f6scht, wenn der Browser geschlossen wird. <\/p>\n\n<p>Wenn Sie sich anmelden, erstellen wir zus\u00e4tzlich mehrere Cookies, die ben\u00f6tigt werden, um Ihre Anmeldeinformationen und ausgew\u00e4hlten Bildschirmoptionen zu speichern. Die Anmelde&#8209;Cookies verfallen nach zwei Tagen und die Bildschirmoptionen nach einem Jahr. Wenn Sie die Option &#8218;Angemeldet bleiben&#8216; aktivieren, l\u00e4uft Ihre Anmeldung nach zwei Wochen ab. Wenn Sie sich von Ihrem Konto abmelden, werden Ihre Login&#8209;Cookies gel\u00f6scht.   <\/p>\n\n<p>Wenn Sie einen Artikel \u00e4ndern oder ver\u00f6ffentlichen, wird ein zus\u00e4tzliches Cookie in Ihrem Browser gespeichert. Dieses Cookie enth\u00e4lt keine pers\u00f6nlichen Daten, sondern verweist lediglich auf die ID des Artikels, den Sie gerade bearbeitet haben. Er l\u00e4uft nach 1 Tag ab.  <\/p>\n\n<h2 class=\"wp-block-heading\">Inhalte von anderen Websites einbetten<\/h2>\n\n<p>Die Artikel auf dieser Website k\u00f6nnen eingebettete Inhalte enthalten (z.B. Videos, Bilder, Artikel usw.). Eingebettete Inhalte von anderen Websites verhalten sich so, als ob der Benutzer die betreffende Website direkt besucht h\u00e4tte. <\/p>\n\n<p>Die Websites k\u00f6nnen Informationen \u00fcber Sie sammeln, Cookies verwenden, zus\u00e4tzliche Tracking&#8209;Systeme von Drittanbietern einbinden und Ihre Interaktionen mit eingebettetem Material \u00fcberwachen, einschlie\u00dflich der Verfolgung Ihrer Interaktionen mit eingebettetem Material, wenn Sie ein Konto haben und auf dieser Website angemeldet sind.<\/p>\n\n<h2 class=\"wp-block-heading\">Mit wem wir Daten teilen<\/h2>\n\n<p>Wenn Sie eine Passwortr\u00fccksetzung anfordern, wird Ihre IP&#8209;Adresse in der gesendeten Nachricht enthalten sein.<\/p>\n\n<h2 class=\"wp-block-heading\">Wie lange wir Ihre Daten aufbewahren<\/h2>\n\n<p>Wenn Sie einen Kommentar hinterlassen, werden dessen Inhalt und Metadaten auf unbestimmte Zeit gespeichert. Auf diese Weise k\u00f6nnen wir nachfolgende Kommentare automatisch erkennen und genehmigen, ohne sie jedes Mal zur Moderation zu schicken. <\/p>\n\n<p>F\u00fcr Benutzer, die sich auf unserer Website registriert haben (falls vorhanden), speichern wir auch die im Profil eingegebenen pers\u00f6nlichen Daten. Jeder Benutzer kann seine pers\u00f6nlichen Daten jederzeit \u00fcberpr\u00fcfen, korrigieren oder l\u00f6schen (mit Ausnahme des Benutzernamens, der nicht ge\u00e4ndert werden kann). Auch die Administratoren der Website k\u00f6nnen diese Informationen einsehen und \u00e4ndern.  <\/p>\n\n<h2 class=\"wp-block-heading\">Welche Rechte haben Sie an Ihren Daten?<\/h2>\n\n<p>Wenn Sie ein Benutzerkonto haben oder Kommentare auf dieser Website gepostet haben, k\u00f6nnen Sie eine Datei mit einem exportierten Satz Ihrer pers\u00f6nlichen Daten anfordern, die sich in unserem Besitz befinden, einschlie\u00dflich aller von Ihnen bereitgestellten Informationen. Sie k\u00f6nnen auch verlangen, dass wir alle in unserem Besitz befindlichen personenbezogenen Daten l\u00f6schen. Dies gilt nicht f\u00fcr Daten, die wir aus administrativen, rechtlichen oder Sicherheitsgr\u00fcnden aufbewahren m\u00fcssen.  <\/p>\n\n<h2 class=\"wp-block-heading\">Wohin wir Ihre Daten senden<\/h2>\n\n<p>Besucherkommentare k\u00f6nnen mit Hilfe eines automatischen Spam&#8209;Erkennungsdienstes \u00fcberpr\u00fcft werden.<\/p>\n","protected":false},"excerpt":{"rendered":"<p>Unsere Website&#8209;Adresse lautet: https:\/\/soeasyit.pl. Kommentare Wenn ein Website&#8209;Besucher einen Kommentar hinterl\u00e4sst, erfassen wir die im Kommentarformular sichtbaren Daten sowie die IP&#8209;Adresse und die Browsersignatur des Besuchers als Hilfsmittel zur Spam&#8209;Erkennung. Eine anonymisierte Zeichenkette, die aus Ihrer E&#8209;Mail-Adresse erstellt wird (auch als Hash bekannt), kann an den Gravatar&#8209;Dienst gesendet werden, um zu \u00fcberpr\u00fcfen, ob sie verwendet [&hellip;]<\/p>\n","protected":false},"author":1,"featured_media":0,"parent":0,"menu_order":0,"comment_status":"closed","ping_status":"closed","template":"prestyle.php","meta":{"_acf_changed":false,"_seopress_robots_primary_cat":"","_seopress_titles_title":"","_seopress_titles_desc":"","_seopress_robots_index":"","footnotes":""},"class_list":["post-836","page","type-page","status-publish","hentry"],"acf":[],"_links":{"self":[{"href":"https:\/\/soeasyit.pl\/de\/wp-json\/wp\/v2\/pages\/836","targetHints":{"allow":["GET"]}}],"collection":[{"href":"https:\/\/soeasyit.pl\/de\/wp-json\/wp\/v2\/pages"}],"about":[{"href":"https:\/\/soeasyit.pl\/de\/wp-json\/wp\/v2\/types\/page"}],"author":[{"embeddable":true,"href":"https:\/\/soeasyit.pl\/de\/wp-json\/wp\/v2\/users\/1"}],"replies":[{"embeddable":true,"href":"https:\/\/soeasyit.pl\/de\/wp-json\/wp\/v2\/comments?post=836"}],"version-history":[{"count":0,"href":"https:\/\/soeasyit.pl\/de\/wp-json\/wp\/v2\/pages\/836\/revisions"}],"wp:attachment":[{"href":"https:\/\/soeasyit.pl\/de\/wp-json\/wp\/v2\/media?parent=836"}],"curies":[{"name":"wp","href":"https:\/\/api.w.org\/{rel}","templated":true}]}}